{"id":5237,"date":"2018-08-27T16:48:42","date_gmt":"2018-08-27T15:48:42","guid":{"rendered":"http:\/\/fernandorubinguitars.com\/?page_id=5237"},"modified":"2020-01-29T16:16:21","modified_gmt":"2020-01-29T15:16:21","slug":"classic","status":"publish","type":"page","link":"http:\/\/fernandorubinguitars.com\/es\/classic\/","title":{"rendered":"Classicha"},"content":{"rendered":"<p>[vc_row][vc_column][vc_column_text]<\/p>\n<h1 class=\"p1\">Chitarre Classiche<\/h1>\n<p class=\"p1\">Queste chitarre sono la mia versione del modello H. Hauser del 1937.<\/p>\n<p class=\"p1\">Tradizionalmente realizzato. La struttura di queste chitarre \u00e8 quasi identica. La plantilla e le barre interne rimangono invariate. Tuttavia l&#8217;incontro superiore delle chitarre ha una piccola variazione per aiutare a controllare una delle modalit\u00e0 di vibrazione delle tavole armoniche.<\/p>\n<p class=\"p1\">Queste chitarre sono adatte per concerti e registrazioni.<\/p>\n<p>[\/vc_column_text][vc_empty_space][vc_btn title=\u00bbrichiedere maggiori informazioni e opzioni di prezzo\u00bb style=\u00bbclassic\u00bb size=\u00bbsm\u00bb align=\u00bbleft\u00bb link=\u00bburl:%2Fcontact%2F|||rel:nofollow\u00bb][\/vc_column][\/vc_row][vc_row][vc_column width=\u00bb1\/3&#8243;][vc_text_separator title=\u00bbCaratteristiche di chitarra classica\u00bb title_align=\u00bbseparator_align_left\u00bb color=\u00bbcustom\u00bb border_width=\u00bb2&#8243; accent_color=\u00bb#ddba85&#8243;][vc_empty_space][vc_column_text]<\/p>\n<ul>\n<li>Legno \u201cMaster Grade\u201d<\/li>\n<li>Abete tedesco 35 anni di invecchiamento<\/li>\n<li>Cedro rosso circa 10 anni di invecchiamento<\/li>\n<li>Dimensioni 650mm<\/li>\n<li>Tastiera in legno di ebano<\/li>\n<li>Tavola armonica abete rosso tedesco \/ cedro rosso<\/li>\n<li>Dorso e fianchi Palosanto del Madagascar o dell&#8217;India<\/li>\n<li>Lucido francese<\/li>\n<li>Accordatori Alessi o Scheller<\/li>\n<li>Custodia Hiscox Pro II inclusa<\/li>\n<\/ul>\n<p>[\/vc_column_text][\/vc_column][vc_column width=\u00bb1\/3&#8243;][vc_text_separator title=\u00bbModello studentesco\u00bb title_align=\u00bbseparator_align_left\u00bb color=\u00bbcustom\u00bb border_width=\u00bb2&#8243; accent_color=\u00bb#ddba85&#8243;][vc_empty_space][vc_column_text]La versione per studenti della chitarra classica \u00e8 un&#8217;opzione pi\u00f9 economica, utilizza legno di prima qualit\u00e0 che potrebbe avere varie tonalit\u00e0 di colore. L&#8217;integrit\u00e0 del suono rimane intatta e non \u00e8 affatto compromessa.[\/vc_column_text][\/vc_column][vc_column width=\u00bb1\/3&#8243;][vc_text_separator title=\u00bbOtto stringhe\u00bb title_align=\u00bbseparator_align_left\u00bb color=\u00bbcustom\u00bb border_width=\u00bb2&#8243; accent_color=\u00bb#ddba85&#8243;][vc_empty_space][vc_column_text]Le chitarre a otto corde sono disponibili anche in Abeto e legno di cedro.[\/vc_column_text][\/vc_column][\/vc_row][vc_row][vc_column width=\u00bb1\/2&#8243;][vc_text_separator title=\u00bbTop in abete tedesco\u00bb title_align=\u00bbseparator_align_left\u00bb color=\u00bbcustom\u00bb border_width=\u00bb2&#8243; accent_color=\u00bb#ddba85&#8243;][vc_empty_space][vc_single_image image=\u00bb5438&#8243; img_size=\u00bblarge\u00bb][vc_empty_space height=\u00bb20px\u00bb][vc_btn title=\u00bbrichiedi maggiori dettagli la tua prossima chitarra classica\u00bb style=\u00bbclassic\u00bb size=\u00bbsm\u00bb align=\u00bbcenter\u00bb link=\u00bburl:%2Fcontact%2F|||\u00bb][vc_empty_space height=\u00bb20px\u00bb][vc_masonry_media_grid style=\u00bblazy\u00bb items_per_page=\u00bb2&#8243; element_width=\u00bb6&#8243; grid_id=\u00bbvc_gid:1572250327801-ce3497f9-3d0f-5&#8243; include=\u00bb5448,5440,5442,5443,5444,5445,5446,5447,5449,5450,5451,5452&#8243;][vc_empty_space][\/vc_column][vc_column width=\u00bb1\/2&#8243;][vc_text_separator title=\u00bbTop in cedro rosso\u00bb title_align=\u00bbseparator_align_left\u00bb color=\u00bbcustom\u00bb border_width=\u00bb2&#8243; accent_color=\u00bb#ddba85&#8243;][vc_empty_space][vc_single_image image=\u00bb5456&#8243; img_size=\u00bblarge\u00bb][vc_empty_space height=\u00bb20px\u00bb][vc_btn title=\u00bbrichiedi maggiori dettagli e prezzi sulla tua prossima chitarra classica\u00bb style=\u00bbclassic\u00bb size=\u00bbsm\u00bb align=\u00bbcenter\u00bb link=\u00bburl:%2Fcontact%2F|||\u00bb][vc_empty_space height=\u00bb20px\u00bb][vc_masonry_media_grid style=\u00bblazy\u00bb items_per_page=\u00bb2&#8243; element_width=\u00bb6&#8243; grid_id=\u00bbvc_gid:1572250327802-5e8cd718-46c9-0&#8243; include=\u00bb5458,5457,5468,5467,5466,5465,5464,5463,5462,5461,5460,5459&#8243;][vc_empty_space][\/vc_column][\/vc_row][vc_row][vc_column][vc_cta h2=\u00bbTi interessa una chitarra artigianale?\u00bb shape=\u00bbsquare\u00bb add_button=\u00bbright\u00bb btn_title=\u00bbContattaci oggi\u00bb btn_style=\u00bbclassic\u00bb btn_size=\u00bblg\u00bb css=\u00bb.vc_custom_1572250365444{background-color: #ddba85 !important;}\u00bb btn_link=\u00bburl:%2Fcontact%2F|||\u00bb]Se vuoi saperne di pi\u00f9 su questi modelli di chitarra, prezzi e metodi di pagamento[\/vc_cta][\/vc_column][\/vc_row]<\/p>","protected":false},"excerpt":{"rendered":"<p>[vc_row][vc_column][vc_column_text] Chitarre Classiche Queste chitarre sono la mia versione del modello H. Hauser del 1937. Tradizionalmente realizzato. La struttura di queste chitarre \u00e8 quasi identica. La plantilla e le barre interne rimangono invariate. Tuttavia l&#8217;incontro superiore delle chitarre ha una piccola variazione per aiutare a controllare una delle modalit\u00e0 di vibrazione delle tavole armoniche. Queste<a class=\"read-more\" href=\"http:\/\/fernandorubinguitars.com\/es\/classic\/\">Continue reading <i class=\"fal fa-angle-right\"><\/i><\/a><\/p>\n","protected":false},"author":7,"featured_media":0,"parent":0,"menu_order":0,"comment_status":"closed","ping_status":"closed","template":"","meta":[],"_links":{"self":[{"href":"http:\/\/fernandorubinguitars.com\/es\/wp-json\/wp\/v2\/pages\/5237"}],"collection":[{"href":"http:\/\/fernandorubinguitars.com\/es\/wp-json\/wp\/v2\/pages"}],"about":[{"href":"http:\/\/fernandorubinguitars.com\/es\/wp-json\/wp\/v2\/types\/page"}],"author":[{"embeddable":true,"href":"http:\/\/fernandorubinguitars.com\/es\/wp-json\/wp\/v2\/users\/7"}],"replies":[{"embeddable":true,"href":"http:\/\/fernandorubinguitars.com\/es\/wp-json\/wp\/v2\/comments?post=5237"}],"version-history":[{"count":106,"href":"http:\/\/fernandorubinguitars.com\/es\/wp-json\/wp\/v2\/pages\/5237\/revisions"}],"predecessor-version":[{"id":9602,"href":"http:\/\/fernandorubinguitars.com\/es\/wp-json\/wp\/v2\/pages\/5237\/revisions\/9602"}],"wp:attachment":[{"href":"http:\/\/fernandorubinguitars.com\/es\/wp-json\/wp\/v2\/media?parent=5237"}],"curies":[{"name":"wp","href":"https:\/\/api.w.org\/{rel}","templated":true}]}}