{"id":4750,"date":"2018-08-06T16:27:32","date_gmt":"2018-08-06T15:27:32","guid":{"rendered":"http:\/\/fernandorubinguitars.com\/?page_id=4750"},"modified":"2021-11-03T16:50:27","modified_gmt":"2021-11-03T15:50:27","slug":"home","status":"publish","type":"page","link":"http:\/\/fernandorubinguitars.com\/es\/","title":{"rendered":"Casa"},"content":{"rendered":"<p>[vc_row full_width=\u00bbstretch_row\u00bb full_height=\u00bbhalf_row_height\u00bb parallax=\u00bbcontent-moving-fade\u00bb slider_animation=\u00bbcover\u00bb bg_type=\u00bbimage\u00bb bg_image_new=\u00bb5197&#8243; bg_image_repeat=\u00bbno-repeat\u00bb bg_override=\u00bbfull\u00bb parallax_content=\u00bboff\u00bb fadeout_row=\u00bboff\u00bb enable_overlay=\u00bboff\u00bb css=\u00bb.vc_custom_1535630952158{border-top-width: 150px !important;border-bottom-width: 250px !important;background-position: center;background-repeat: no-repeat !important;background-size: cover !important;}\u00bb][vc_column][vc_custom_heading text=\u00bbExplore el arte de transformar madera en m\u00fasica\u00bb font_container=\u00bbtag:h2|font_size:35|text_align:right|color:rgba(255%2C255%2C255%2C0.44)\u00bb google_fonts=\u00bbfont_family:Aguafina%20Script%3Aregular|font_style:400%20regular%3A400%3Anormal\u00bb css_animation=\u00bbnone\u00bb css=\u00bb.vc_custom_1574845040552{background-position: center !important;background-repeat: no-repeat !important;background-size: contain !important;}\u00bb][\/vc_column][\/vc_row][vc_row][vc_column][vc_empty_space height=\u00bb12px\u00bb][\/vc_column][\/vc_row][vc_row css=\u00bb.vc_custom_1534794613407{border-left-width: -10px !important;}\u00bb][vc_column width=\u00bb1\/3&#8243;][vc_single_image image=\u00bb4771&#8243; img_size=\u00bbmedium\u00bb add_caption=\u00bbcustom\u00bb caption=\u00bbGuitarras cl\u00e1sicas artesanas de concierto, Las mejores guitarras espa\u00f1olas cl\u00e1sicas hechas a mano\u00bb title=\u00bbFernando Rub\u00edn, Guitarras Cl\u00e1sicas\u00bb][vc_empty_space height=\u00bb22px\u00bb][\/vc_column][vc_column width=\u00bb1\/3&#8243;][vc_text_separator title=\u00bb\u00bb title_align=\u00bbseparator_align_left\u00bb color=\u00bbcustom\u00bb accent_color=\u00bb#ddba85&#8243;][vc_empty_space height=\u00bb22px\u00bb][vc_column_text]<\/p>\n<p class=\"p1\"><span class=\"s1\">\u00abThe guitar, before being an instrument, was a tree, in which birds sang.\u00a0<\/span><span class=\"s1\">Wood knew music long before becoming an instrument\u201d<\/span><\/p>\n<p class=\"p1\"><em><span class=\"s1\">Atahualpa Yupanqui<\/span><\/em><\/p>\n<p>[\/vc_column_text][vc_empty_space height=\u00bb22px\u00bb][vc_column_text]<\/p>\n<h5>A proposito del mestiere<\/h5>\n<p class=\"p1\">Ho iniziato a produrre strumenti nel 1996 sotto l&#8217;influenza delle tecniche artigianali spagnole. Da allora, seguo le orme dei grandi maestri (Torres, Hauser, Fleta, Simplicio e altri). Mi concentro sull&#8217;acustica.<\/p>\n<p>[\/vc_column_text][vc_empty_space height=\u00bb22px\u00bb][\/vc_column][vc_column width=\u00bb1\/3&#8243;][vc_empty_space height=\u00bb42px\u00bb][vc_toggle title=\u00bbCosa definisce la qualit\u00e0 in una chitarra?\u00bb]<br \/>\nLa qualit\u00e0 dei materiali, in particolare il legno e la lavorazione.<span class=\"s2\">\u00a0<\/span><\/p>\n<p>Il processo di piallatura del legno a mano \u00e8, al contrario delle parti lavorate, pi\u00f9 preciso e quindi riduce lo spazio tra i componenti. Nel quadro generale, il prodotto ottiene quindi una struttura pi\u00f9 efficiente.<\/p>\n<p><span class=\"s2\">\u00c8 anche difficile usare la colla, che alla fine rende il suono migliore.<\/span>[\/vc_toggle][vc_toggle title=\u00bbCosa rende le tue chitarre uniche?\u00bb]<\/p>\n<h6>Sperimentazione continua sul comportamento della chitarra analizzando le vibrazioni nei componenti.<\/h6>\n<p>[\/vc_toggle][vc_toggle title=\u00bbCosa \u00e8 importante nel processo di fabbricazione delle chitarre?\u00bb]Per una chitarra artigianale, lo stato d&#8217;animo \u00e8 molto importante. Cerco di rendere ogni chitarra migliore delle precedenti. Quando realizzo chitarre, entro in uno stato meditativo e prendo attenzione a ogni piccolo dettaglio.[\/vc_toggle][vc_toggle title=\u00bbQuante chitarre produce il tuo studio in un anno?\u00bb]Faccio 8-10 chitarre all&#8217;anno. Il mio focus \u00e8 sulla qualit\u00e0 e non sulla quantit\u00e0.[\/vc_toggle][vc_text_separator title=\u00bb\u00bb title_align=\u00bbseparator_align_left\u00bb color=\u00bbcustom\u00bb accent_color=\u00bb#ddba85&#8243;][vc_empty_space height=\u00bb22px\u00bb][vc_column_text]<\/p>\n<div class=\"wp-playlist wp-audio-playlist wp-playlist-light\">\n\t\t\t<div class=\"wp-playlist-current-item\"><\/div>\n\t\t<audio controls=\"controls\" preload=\"none\" width=\"640\"\n\t\t\t><\/audio>\n\t<div class=\"wp-playlist-next\"><\/div>\n\t<div class=\"wp-playlist-prev\"><\/div>\n\t<noscript>\n\t<ol>\n\t\t<li><a href='http:\/\/fernandorubinguitars.com\/wp-content\/uploads\/2018\/12\/media.io_Extract-from-CD-2-Track-10.mp3'>Canci\u00f3n de la tarde. M\u00e1ximo Pujol.<\/a><\/li>\t<\/ol>\n\t<\/noscript>\n\t<script type=\"application\/json\" class=\"wp-playlist-script\">{\"type\":\"audio\",\"tracklist\":true,\"tracknumbers\":true,\"images\":false,\"artists\":true,\"tracks\":[{\"src\":\"http:\\\/\\\/fernandorubinguitars.com\\\/wp-content\\\/uploads\\\/2018\\\/12\\\/media.io_Extract-from-CD-2-Track-10.mp3\",\"type\":\"audio\\\/mpeg\",\"title\":\"Canci\\u00f3n de la tarde. M\\u00e1ximo Pujol.\",\"caption\":\"\",\"description\":\"Canci\\u00f3n de la tarde. M\\u00e1ximo Pujol.\",\"meta\":{\"length_formatted\":\"4:18\"},\"image\":{\"src\":\"http:\\\/\\\/fernandorubinguitars.com\\\/wp-includes\\\/images\\\/media\\\/audio.png\",\"width\":48,\"height\":64},\"thumb\":{\"src\":\"http:\\\/\\\/fernandorubinguitars.com\\\/wp-includes\\\/images\\\/media\\\/audio.png\",\"width\":48,\"height\":64}}]}<\/script>\n<\/div>\n\t\n<p>[\/vc_column_text][\/vc_column][\/vc_row][vc_row anchor_link=\u00bbguitars\u00bb][vc_column][vc_text_separator title=\u00bbCollezioni di chitarre fatte a mano\u00bb color=\u00bbcustom\u00bb border_width=\u00bb2&#8243; accent_color=\u00bb#ddba85&#8243;][vc_row_inner][vc_column_inner width=\u00bb1\/2&#8243;][vc_single_image image=\u00bb4606&#8243; img_size=\u00bblarge\u00bb add_caption=\u00bbcustom\u00bb title_size=\u00bblarge\u00bb alignment=\u00bbcenter\u00bb onclick=\u00bbcustom_link\u00bb title=\u00bbClassic Abeto\/Ceder\u00bb link=\u00bb\/classic\/\u00bb][vc_cta h2=\u00bbModelli classici\u00bb txt_align=\u00bbcenter\u00bb shape=\u00bbsquare\u00bb add_button=\u00bbbottom\u00bb btn_title=\u00bbGuarda i modelli\u00bb btn_style=\u00bbclassic\u00bb btn_align=\u00bbcenter\u00bb btn_link=\u00bburl:%2Fclassic%2F|||\u00bb css=\u00bb.vc_custom_1572853744470{background-color: #ddba85 !important;}\u00bb][\/vc_cta][\/vc_column_inner][vc_column_inner width=\u00bb1\/2&#8243;][vc_single_image image=\u00bb5575&#8243; img_size=\u00bblarge\u00bb add_caption=\u00bbcustom\u00bb alignment=\u00bbcenter\u00bb onclick=\u00bbcustom_link\u00bb link=\u00bb\/acoustic\/\u00bb][vc_cta h2=\u00bbModelli acustici\u00bb txt_align=\u00bbcenter\u00bb shape=\u00bbsquare\u00bb add_button=\u00bbbottom\u00bb btn_title=\u00bbGuarda i modelli\u00bb btn_style=\u00bbclassic\u00bb btn_align=\u00bbcenter\u00bb btn_link=\u00bburl:%2Facoustic%2F|||\u00bb css=\u00bb.vc_custom_1572853750521{background-color: #ddba85 !important;}\u00bb][\/vc_cta][\/vc_column_inner][\/vc_row_inner][vc_row_inner][vc_column_inner width=\u00bb1\/2&#8243;][vc_single_image image=\u00bb4605&#8243; img_size=\u00bblarge\u00bb add_caption=\u00bbcustom\u00bb title_size=\u00bblarge\u00bb alignment=\u00bbright\u00bb onclick=\u00bbcustom_link\u00bb title=\u00bbFlamenca\u00bb link=\u00bb\/flamenca\/\u00bb][vc_cta h2=\u00bbFlamenca\u00bb txt_align=\u00bbcenter\u00bb shape=\u00bbsquare\u00bb add_button=\u00bbbottom\u00bb btn_title=\u00bbGuarda i modelli\u00bb btn_style=\u00bbclassic\u00bb btn_align=\u00bbcenter\u00bb btn_link=\u00bburl:%2Fromantic%2F|||\u00bb css=\u00bb.vc_custom_1572853756203{background-color: #ddba85 !important;}\u00bb][\/vc_cta][\/vc_column_inner][vc_column_inner width=\u00bb1\/2&#8243;][vc_single_image image=\u00bb4702&#8243; img_size=\u00bblarge\u00bb add_caption=\u00bbcustom\u00bb title_size=\u00bblarge\u00bb alignment=\u00bbright\u00bb onclick=\u00bbcustom_link\u00bb title=\u00bbRomantic\u00bb link=\u00bb\/romantic\/\u00bb][vc_cta h2=\u00bbRomantico\u00bb txt_align=\u00bbcenter\u00bb shape=\u00bbsquare\u00bb add_button=\u00bbbottom\u00bb btn_title=\u00bbGuarda i modelli\u00bb btn_style=\u00bbclassic\u00bb btn_align=\u00bbcenter\u00bb btn_link=\u00bburl:%2Fromantic%2F|||\u00bb css=\u00bb.vc_custom_1572853761545{background-color: #ddba85 !important;}\u00bb][\/vc_cta][\/vc_column_inner][\/vc_row_inner][\/vc_column][\/vc_row][vc_row][vc_column][vc_empty_space][\/vc_column][\/vc_row][vc_row full_width=\u00bbstretch_row\u00bb full_height=\u00bbhalf_row_height\u00bb parallax_content=\u00bboff\u00bb fadeout_row=\u00bboff\u00bb enable_overlay=\u00bboff\u00bb css=\u00bb.vc_custom_1543839173975{background-color: #ddc49b !important;}\u00bb][vc_column width=\u00bb1\/2&#8243;][\/vc_column][vc_column width=\u00bb1\/2&#8243;][blockquote type=\u00bbblockquote_line\u00bb align=\u00bbright\u00bb]\u00bbOne of the most outstanding qualities of this guitar is the entity of the sound of each one of the strings, and therefore, the ease with which the passage of the different voices can be highlighted. This ease of melody and counterpoint is not to the detriment of harmonic clarity; very much on the contrary. A single note already says something.<\/p>\n<p>It is endearing: because when I play it, I return again and again to the fascination of my childhood for music.\u00bb<\/p>\n<p class=\"p1\"><span class=\"s1\">Edgar Ferrer &#8211; <em>Orquestra Director and Maestro.<\/em><\/span><\/p>\n<p>[\/blockquote][\/vc_column][\/vc_row][vc_row full_width=\u00bbstretch_row_content_no_spaces\u00bb bg_video=\u00bbhttps:\/\/www.youtube.com\/watch?v=V13YAiiCMH0&amp;feature=youtu.be&amp;fbclid=IwAR1jsHUXZbzHIwIpmX3VN7KAYbdTUlade6MFizRh0boLa1zHXlok1xBn5BY\u00bb inherit_shaded_color=\u00bbenable\u00bb css=\u00bb.vc_custom_1543838797335{background-color: #ddc49b !important;}\u00bb][vc_column][vc_video link=\u00bbhttps:\/\/youtu.be\/V13YAiiCMH0&#8243; align=\u00bbcenter\u00bb src=\u00bb\u00abhttps:\/\/www.youtube.com\/embed\/V13YAiiCMH0?controls=0\u00ab\u00bb width=\u00bb\u00ab560\u00ab\u00bb height=\u00bb\u00ab315\u00ab\u00bb frameborder=\u00bb\u00ab0\u00ab\u00bb][\/vc_column][\/vc_row][vc_row full_width=\u00bbstretch_row\u00bb full_height=\u00bbhalf_row_height\u00bb css=\u00bb.vc_custom_1543843292826{background-color: #ddc49b !important;}\u00bb][vc_column width=\u00bb1\/2&#8243;][\/vc_column][vc_column width=\u00bb1\/2&#8243;][blockquote type=\u00bbblockquote_line\u00bb align=\u00bbright\u00bb]<\/p>\n<p class=\"p1\"><span class=\"s1\">\u00abFernando Rubin&#8217;s Guitars offer everything a guitarist may wish. Body in the basses, singing in the high tones. His guitar provides everything music needs. It is a privilege\u00a0to be able to play with one of these instruments at my concerts around the world.\u00bb\u00a0<\/span><\/p>\n<p class=\"p1\"><span class=\"s1\">M\u00e1ximo Pujol &#8211; <em>Composer<\/em><\/span><\/p>\n<p>[\/blockquote][\/vc_column][\/vc_row]<\/p>","protected":false},"excerpt":{"rendered":"<p>[vc_row full_width=\u00bbstretch_row\u00bb full_height=\u00bbhalf_row_height\u00bb parallax=\u00bbcontent-moving-fade\u00bb slider_animation=\u00bbcover\u00bb bg_type=\u00bbimage\u00bb bg_image_new=\u00bb5197&#8243; bg_image_repeat=\u00bbno-repeat\u00bb bg_override=\u00bbfull\u00bb parallax_content=\u00bboff\u00bb fadeout_row=\u00bboff\u00bb enable_overlay=\u00bboff\u00bb css=\u00bb.vc_custom_1535630952158{border-top-width: 150px !important;border-bottom-width: 250px !important;background-position: center;background-repeat: no-repeat !important;background-size: cover !important;}\u00bb][vc_column][vc_custom_heading text=\u00bbExplore el arte de transformar madera en m\u00fasica\u00bb font_container=\u00bbtag:h2|font_size:35|text_align:right|color:rgba(255%2C255%2C255%2C0.44)\u00bb google_fonts=\u00bbfont_family:Aguafina%20Script%3Aregular|font_style:400%20regular%3A400%3Anormal\u00bb css_animation=\u00bbnone\u00bb css=\u00bb.vc_custom_1574845040552{background-position: center !important;background-repeat: no-repeat !important;background-size: contain !important;}\u00bb][\/vc_column][\/vc_row][vc_row][vc_column][vc_empty_space height=\u00bb12px\u00bb][\/vc_column][\/vc_row][vc_row css=\u00bb.vc_custom_1534794613407{border-left-width: -10px !important;}\u00bb][vc_column width=\u00bb1\/3&#8243;][vc_single_image image=\u00bb4771&#8243; img_size=\u00bbmedium\u00bb add_caption=\u00bbcustom\u00bb caption=\u00bbGuitarras cl\u00e1sicas artesanas de concierto, Las mejores<a class=\"read-more\" href=\"http:\/\/fernandorubinguitars.com\/es\/\">Continue reading <i class=\"fal fa-angle-right\"><\/i><\/a><\/p>\n","protected":false},"author":7,"featured_media":0,"parent":0,"menu_order":0,"comment_status":"closed","ping_status":"closed","template":"","meta":[],"_links":{"self":[{"href":"http:\/\/fernandorubinguitars.com\/es\/wp-json\/wp\/v2\/pages\/4750"}],"collection":[{"href":"http:\/\/fernandorubinguitars.com\/es\/wp-json\/wp\/v2\/pages"}],"about":[{"href":"http:\/\/fernandorubinguitars.com\/es\/wp-json\/wp\/v2\/types\/page"}],"author":[{"embeddable":true,"href":"http:\/\/fernandorubinguitars.com\/es\/wp-json\/wp\/v2\/users\/7"}],"replies":[{"embeddable":true,"href":"http:\/\/fernandorubinguitars.com\/es\/wp-json\/wp\/v2\/comments?post=4750"}],"version-history":[{"count":563,"href":"http:\/\/fernandorubinguitars.com\/es\/wp-json\/wp\/v2\/pages\/4750\/revisions"}],"predecessor-version":[{"id":9652,"href":"http:\/\/fernandorubinguitars.com\/es\/wp-json\/wp\/v2\/pages\/4750\/revisions\/9652"}],"wp:attachment":[{"href":"http:\/\/fernandorubinguitars.com\/es\/wp-json\/wp\/v2\/media?parent=4750"}],"curies":[{"name":"wp","href":"https:\/\/api.w.org\/{rel}","templated":true}]}}