{"id":5237,"date":"2018-08-27T16:48:42","date_gmt":"2018-08-27T15:48:42","guid":{"rendered":"http:\/\/fernandorubinguitars.com\/?page_id=5237"},"modified":"2020-01-29T16:16:21","modified_gmt":"2020-01-29T15:16:21","slug":"classic","status":"publish","type":"page","link":"http:\/\/fernandorubinguitars.com\/de\/classic\/","title":{"rendered":"Klassisch"},"content":{"rendered":"<p>[vc_row][vc_column][vc_column_text]<\/p>\n<h1 class=\"p1\"><span class=\"s1\">Klassiche Gitarren<\/span><\/h1>\n<p class=\"p1\"><span class=\"s1\">Diese Gitarren sind meine eigene Version des H. Hauser modells von 1937.<\/span><\/p>\n<p class=\"p1\"><span class=\"s1\">Traditionell hergestellt. Die Struktur der Gitarren ist nahezu identisch. Die Vorlage und die innere Struktur bleiben gleich. Aber der Oberb\u00fcgel has eine kleine \u00c4nderung, um die Vibrationen der Gitarre besser zu kontrollieren.<\/span><\/p>\n<p class=\"p1\"><span class=\"s1\">Diese Gitarren sind f\u00fcr Konzerte und Aufnahmen ger\u00fcstet.<\/span><\/p>\n<p>[\/vc_column_text][vc_empty_space][vc_btn title=&#8220;Mehr Informationen und Preis-Optionen beantragen&#8220; style=&#8220;classic&#8220; size=&#8220;sm&#8220; align=&#8220;left&#8220; link=&#8220;url:%2Fcontact%2F|||rel:nofollow&#8220;][\/vc_column][\/vc_row][vc_row][vc_column width=&#8220;1\/3&#8243;][vc_text_separator title=&#8220;Features&#8220; title_align=&#8220;separator_align_left&#8220; color=&#8220;custom&#8220; border_width=&#8220;2&#8243; accent_color=&#8220;#ddba85&#8243;][vc_empty_space][vc_column_text]<\/p>\n<ul>\n<li>Erstklassiges Holz<\/li>\n<li>Deutsche Fichte, 35 Jahre gealtert<\/li>\n<li>Rote Zeder, ungef\u00e4hr 10 Jahre gealtert<\/li>\n<li>Gr\u00f6\u00dfe: 650mm<\/li>\n<li>Griffbrett aus Ebenholz<\/li>\n<li>Decke aus Deutscher Fichte \/ Roter Zeder<\/li>\n<li>R\u00fccken und Seiten aus Palosanto aus Madagaskar oder Indien<\/li>\n<li>Schnelllackpolitur<\/li>\n<li>Alessi o Scheller Mechaniken<\/li>\n<li>Hiscox Pro II Gitarrenkoffer inbegriffen<\/li>\n<\/ul>\n<p>[\/vc_column_text][\/vc_column][vc_column width=&#8220;1\/3&#8243;][vc_text_separator title=&#8220;Sch\u00fcler Model&#8220; title_align=&#8220;separator_align_left&#8220; color=&#8220;custom&#8220; border_width=&#8220;2&#8243; accent_color=&#8220;#ddba85&#8243;][vc_empty_space][vc_column_text]Die Sch\u00fcler Version der Klassichen Gitarre ist eine Preis-freundlichere Option der Klassischen Gitarre aus erstklassigem Holz welches vielleicht unterschiedliche Farbt\u00f6ne beinhaltet. Die Tonqualit\u00e4t bleibt erstklassig und wird nicht gef\u00e4hrdet.[\/vc_column_text][\/vc_column][vc_column width=&#8220;1\/3&#8243;][vc_text_separator title=&#8220;Acht Saiten&#8220; title_align=&#8220;separator_align_left&#8220; color=&#8220;custom&#8220; border_width=&#8220;2&#8243; accent_color=&#8220;#ddba85&#8243;][vc_empty_space][vc_column_text]Acht Saitige Gitarren sind auch in Fichte und Zedernholz verf\u00fcgbar.[\/vc_column_text][\/vc_column][\/vc_row][vc_row][vc_column width=&#8220;1\/2&#8243;][vc_text_separator title=&#8220;German Spruce Top&#8220; title_align=&#8220;separator_align_left&#8220; color=&#8220;custom&#8220; border_width=&#8220;2&#8243; accent_color=&#8220;#ddba85&#8243;][vc_empty_space][vc_single_image image=&#8220;5438&#8243; img_size=&#8220;large&#8220;][vc_empty_space height=&#8220;20px&#8220;][vc_btn title=&#8220;Weitere Infos \u00fcber deine n\u00e4chste klassische Gitarre beantragen&#8220; style=&#8220;classic&#8220; size=&#8220;sm&#8220; align=&#8220;center&#8220; link=&#8220;url:%2Fcontact%2F|||&#8220;][vc_empty_space height=&#8220;20px&#8220;][vc_masonry_media_grid style=&#8220;lazy&#8220; items_per_page=&#8220;2&#8243; element_width=&#8220;6&#8243; grid_id=&#8220;vc_gid:1572250286111-9f50f40d-5cf2-3&#8243; include=&#8220;5448,5440,5442,5443,5444,5445,5446,5447,5449,5450,5451,5452&#8243;][vc_empty_space][\/vc_column][vc_column width=&#8220;1\/2&#8243;][vc_text_separator title=&#8220;Red Cedar Top&#8220; title_align=&#8220;separator_align_left&#8220; color=&#8220;custom&#8220; border_width=&#8220;2&#8243; accent_color=&#8220;#ddba85&#8243;][vc_empty_space][vc_single_image image=&#8220;5456&#8243; img_size=&#8220;large&#8220;][vc_empty_space height=&#8220;20px&#8220;][vc_btn title=&#8220;Weitere Details und Preisinformationen \u00fcber deine n\u00e4chste akustische Gitarre beantragen&#8220; style=&#8220;classic&#8220; size=&#8220;sm&#8220; align=&#8220;center&#8220; link=&#8220;url:%2Fcontact%2F|||&#8220;][vc_empty_space height=&#8220;20px&#8220;][vc_masonry_media_grid style=&#8220;lazy&#8220; items_per_page=&#8220;2&#8243; element_width=&#8220;6&#8243; grid_id=&#8220;vc_gid:1572250286113-4a2e6c43-5fd5-9&#8243; include=&#8220;5458,5457,5468,5467,5466,5465,5464,5463,5462,5461,5460,5459&#8243;][vc_empty_space][\/vc_column][\/vc_row][vc_row][vc_column][vc_cta h2=&#8220;Interriessiert an einer Hangefertigten Gitarre?&#8220; shape=&#8220;square&#8220; add_button=&#8220;right&#8220; btn_title=&#8220;Kontaktiere uns heute&#8220; btn_style=&#8220;classic&#8220; btn_size=&#8220;lg&#8220; css=&#8220;.vc_custom_1572250322697{background-color: #ddba85 !important;}&#8220; btn_link=&#8220;url:%2Fcontact%2F|||&#8220;]Wenn du mehr \u00fcber diese Gitarren-Modelle, Preise und Behandlungsmethoden wissen willst.[\/vc_cta][\/vc_column][\/vc_row]<\/p>","protected":false},"excerpt":{"rendered":"<p>[vc_row][vc_column][vc_column_text] Klassiche Gitarren Diese Gitarren sind meine eigene Version des H. Hauser modells von 1937. Traditionell hergestellt. Die Struktur der Gitarren ist nahezu identisch. Die Vorlage und die innere Struktur bleiben gleich. Aber der Oberb\u00fcgel has eine kleine \u00c4nderung, um die Vibrationen der Gitarre besser zu kontrollieren. Diese Gitarren sind f\u00fcr Konzerte und Aufnahmen ger\u00fcstet.<a class=\"read-more\" href=\"http:\/\/fernandorubinguitars.com\/de\/classic\/\">Continue reading <i class=\"fal fa-angle-right\"><\/i><\/a><\/p>\n","protected":false},"author":7,"featured_media":0,"parent":0,"menu_order":0,"comment_status":"closed","ping_status":"closed","template":"","meta":[],"_links":{"self":[{"href":"http:\/\/fernandorubinguitars.com\/de\/wp-json\/wp\/v2\/pages\/5237"}],"collection":[{"href":"http:\/\/fernandorubinguitars.com\/de\/wp-json\/wp\/v2\/pages"}],"about":[{"href":"http:\/\/fernandorubinguitars.com\/de\/wp-json\/wp\/v2\/types\/page"}],"author":[{"embeddable":true,"href":"http:\/\/fernandorubinguitars.com\/de\/wp-json\/wp\/v2\/users\/7"}],"replies":[{"embeddable":true,"href":"http:\/\/fernandorubinguitars.com\/de\/wp-json\/wp\/v2\/comments?post=5237"}],"version-history":[{"count":106,"href":"http:\/\/fernandorubinguitars.com\/de\/wp-json\/wp\/v2\/pages\/5237\/revisions"}],"predecessor-version":[{"id":9602,"href":"http:\/\/fernandorubinguitars.com\/de\/wp-json\/wp\/v2\/pages\/5237\/revisions\/9602"}],"wp:attachment":[{"href":"http:\/\/fernandorubinguitars.com\/de\/wp-json\/wp\/v2\/media?parent=5237"}],"curies":[{"name":"wp","href":"https:\/\/api.w.org\/{rel}","templated":true}]}}