{"id":5059,"date":"2018-08-20T22:51:13","date_gmt":"2018-08-20T21:51:13","guid":{"rendered":"http:\/\/fernandorubinguitars.com\/?page_id=5059"},"modified":"2020-01-29T13:04:07","modified_gmt":"2020-01-29T12:04:07","slug":"contact","status":"publish","type":"page","link":"http:\/\/fernandorubinguitars.com\/de\/contact\/","title":{"rendered":"Kontakt"},"content":{"rendered":"<p>[vc_row full_width=&#8220;stretch_row_content&#8220; content_placement=&#8220;top&#8220; css=&#8220;.vc_custom_1535401829956{background-color: #ddba85 !important;}&#8220;][vc_column][vc_separator color=&#8220;black&#8220; style=&#8220;shadow&#8220;][\/vc_column][\/vc_row][vc_row full_width=&#8220;stretch_row&#8220; content_placement=&#8220;top&#8220; parallax=&#8220;yes&#8220; bg_type=&#8220;bg_color&#8220; css=&#8220;.vc_custom_1535401988615{background-color: #ddba85 !important;}&#8220; bg_color_value=&#8220;#ddba85&#8243;][vc_column width=&#8220;1\/4&#8243;][vc_column_text css=&#8220;.vc_custom_1571653289205{padding-right: 50px !important;}&#8220;]<\/p>\n<h4><em><b>Vielen Dank f\u00fcr deine Interesse.<\/b><\/em><\/h4>\n<p>Wir freuen uns dar\u00fcber alle Ihre Fragen zu beantworten.<\/p>\n<p>Bitte f\u00fcllen Sie das Formular in <strong>Englisch <\/strong>aus und wir werden fr\u00fchst m\u00f6glich Antworten.[\/vc_column_text][vc_empty_space][vc_column_text]<span style=\"color: #333333;\"><strong>Standort:<\/strong><\/span><br \/>\n<span style=\"color: #333333;\">C\/Pare Joan 13<\/span><br \/>\n<span style=\"color: #333333;\">07150, Andratx, Islas Baleares<\/span><\/p>\n<p><span style=\"color: #333333;\"><strong>Telefon:<\/strong><\/span><br \/>\n<a href=\"tel:+34 650 82 74 24\"><span style=\"color: #333333;\">+34 650 82 74 24<\/span><\/a><\/p>\n<p><span style=\"color: #333333;\"><strong>E-Mail:<\/strong><\/span><br \/>\n<a href=\"mailto:fernandorubin@hotmail.com\"><span style=\"color: #333333;\">fernandorubin@hotmail.com<\/span><\/a>[\/vc_column_text][\/vc_column][vc_column width=&#8220;3\/4&#8243;]<div role=\"form\" class=\"wpcf7\" id=\"wpcf7-f4754-o2\" lang=\"es-ES\" dir=\"ltr\">\n<div class=\"screen-reader-response\"><p role=\"status\" aria-live=\"polite\" aria-atomic=\"true\"><\/p> <ul><\/ul><\/div>\n<form action=\"\/de\/wp-json\/wp\/v2\/pages\/5059#wpcf7-f4754-o2\" method=\"post\" class=\"wpcf7-form init\" novalidate=\"novalidate\" data-status=\"init\">\n<div style=\"display: none;\">\n<input type=\"hidden\" name=\"_wpcf7\" value=\"4754\" \/>\n<input type=\"hidden\" name=\"_wpcf7_version\" value=\"5.6\" \/>\n<input type=\"hidden\" name=\"_wpcf7_locale\" value=\"es_ES\" \/>\n<input type=\"hidden\" name=\"_wpcf7_unit_tag\" value=\"wpcf7-f4754-o2\" \/>\n<input type=\"hidden\" name=\"_wpcf7_container_post\" value=\"0\" \/>\n<input type=\"hidden\" name=\"_wpcf7_posted_data_hash\" value=\"\" \/>\n<\/div>\n<p><label> Dein Name (erforderlich)<br \/>\n    <span class=\"wpcf7-form-control-wrap\" data-name=\"your-name\"><input type=\"text\" name=\"your-name\" value=\"\" size=\"40\" class=\"wpcf7-form-control wpcf7-text wpcf7-validates-as-required\" aria-required=\"true\" aria-invalid=\"false\" \/><\/span> <\/label><\/p>\n<p><label> Deine Email (erforderlich)<br \/>\n    <span class=\"wpcf7-form-control-wrap\" data-name=\"your-email\"><input type=\"email\" name=\"your-email\" value=\"\" size=\"40\" class=\"wpcf7-form-control wpcf7-text wpcf7-email wpcf7-validates-as-required wpcf7-validates-as-email\" aria-required=\"true\" aria-invalid=\"false\" \/><\/span> <\/label><\/p>\n<p><label> Thema<br \/>\n    <span class=\"wpcf7-form-control-wrap\" data-name=\"your-subject\"><input type=\"text\" name=\"your-subject\" value=\"\" size=\"40\" class=\"wpcf7-form-control wpcf7-text\" aria-invalid=\"false\" \/><\/span> <\/label><\/p>\n<p><label> Deine Naricht<br \/>\n    <span class=\"wpcf7-form-control-wrap\" data-name=\"your-message\"><textarea name=\"your-message\" cols=\"40\" rows=\"10\" class=\"wpcf7-form-control wpcf7-textarea\" aria-invalid=\"false\"><\/textarea><\/span> <\/label><\/p>\n<p><input type=\"submit\" value=\"Send\" class=\"wpcf7-form-control has-spinner wpcf7-submit\" \/><\/p>\n<div class=\"wpcf7-response-output\" aria-hidden=\"true\"><\/div><\/form><\/div>[\/vc_column][\/vc_row][vc_row full_width=&#8220;stretch_row&#8220; full_height=&#8220;threequarter_row_height&#8220; parallax=&#8220;yes&#8220; slider_images=&#8220;4609&#8243; slider_animation=&#8220;scrollHorz&#8220; bg_type=&#8220;image&#8220; bg_img_attach=&#8220;fixed&#8220;][vc_column width=&#8220;2\/3&#8243;][\/vc_column][vc_column width=&#8220;1\/3&#8243;][\/vc_column][\/vc_row]<\/p>","protected":false},"excerpt":{"rendered":"<p>[vc_row full_width=&#8220;stretch_row_content&#8220; content_placement=&#8220;top&#8220; css=&#8220;.vc_custom_1535401829956{background-color: #ddba85 !important;}&#8220;][vc_column][vc_separator color=&#8220;black&#8220; style=&#8220;shadow&#8220;][\/vc_column][\/vc_row][vc_row full_width=&#8220;stretch_row&#8220; content_placement=&#8220;top&#8220; parallax=&#8220;yes&#8220; bg_type=&#8220;bg_color&#8220; css=&#8220;.vc_custom_1535401988615{background-color: #ddba85 !important;}&#8220; bg_color_value=&#8220;#ddba85&#8243;][vc_column width=&#8220;1\/4&#8243;][vc_column_text css=&#8220;.vc_custom_1571653289205{padding-right: 50px !important;}&#8220;] Vielen Dank f\u00fcr deine Interesse. Wir freuen uns dar\u00fcber alle Ihre Fragen zu beantworten. Bitte f\u00fcllen Sie das Formular in Englisch aus und wir werden fr\u00fchst m\u00f6glich Antworten.[\/vc_column_text][vc_empty_space][vc_column_text]Standort: C\/Pare Joan 13 07150, Andratx, Islas Baleares<a class=\"read-more\" href=\"http:\/\/fernandorubinguitars.com\/de\/contact\/\">Continue reading <i class=\"fal fa-angle-right\"><\/i><\/a><\/p>\n","protected":false},"author":7,"featured_media":0,"parent":0,"menu_order":0,"comment_status":"closed","ping_status":"closed","template":"","meta":[],"_links":{"self":[{"href":"http:\/\/fernandorubinguitars.com\/de\/wp-json\/wp\/v2\/pages\/5059"}],"collection":[{"href":"http:\/\/fernandorubinguitars.com\/de\/wp-json\/wp\/v2\/pages"}],"about":[{"href":"http:\/\/fernandorubinguitars.com\/de\/wp-json\/wp\/v2\/types\/page"}],"author":[{"embeddable":true,"href":"http:\/\/fernandorubinguitars.com\/de\/wp-json\/wp\/v2\/users\/7"}],"replies":[{"embeddable":true,"href":"http:\/\/fernandorubinguitars.com\/de\/wp-json\/wp\/v2\/comments?post=5059"}],"version-history":[{"count":76,"href":"http:\/\/fernandorubinguitars.com\/de\/wp-json\/wp\/v2\/pages\/5059\/revisions"}],"predecessor-version":[{"id":9597,"href":"http:\/\/fernandorubinguitars.com\/de\/wp-json\/wp\/v2\/pages\/5059\/revisions\/9597"}],"wp:attachment":[{"href":"http:\/\/fernandorubinguitars.com\/de\/wp-json\/wp\/v2\/media?parent=5059"}],"curies":[{"name":"wp","href":"https:\/\/api.w.org\/{rel}","templated":true}]}}