{"id":4750,"date":"2018-08-06T16:27:32","date_gmt":"2018-08-06T15:27:32","guid":{"rendered":"http:\/\/fernandorubinguitars.com\/?page_id=4750"},"modified":"2021-11-03T16:50:27","modified_gmt":"2021-11-03T15:50:27","slug":"home","status":"publish","type":"page","link":"http:\/\/fernandorubinguitars.com\/de\/","title":{"rendered":"Startseite"},"content":{"rendered":"<p>[vc_row full_width=&#8220;stretch_row&#8220; full_height=&#8220;half_row_height&#8220; parallax=&#8220;content-moving-fade&#8220; slider_animation=&#8220;cover&#8220; bg_type=&#8220;image&#8220; bg_image_new=&#8220;5197&#8243; bg_image_repeat=&#8220;no-repeat&#8220; bg_override=&#8220;full&#8220; parallax_content=&#8220;off&#8220; fadeout_row=&#8220;off&#8220; enable_overlay=&#8220;off&#8220; css=&#8220;.vc_custom_1535630952158{border-top-width: 150px !important;border-bottom-width: 250px !important;background-position: center;background-repeat: no-repeat !important;background-size: cover !important;}&#8220;][vc_column][vc_custom_heading text=&#8220;Erkunde die Kunst Holz in Musik zu verarbeiten&#8220; font_container=&#8220;tag:h2|font_size:35|text_align:right|color:rgba(255%2C255%2C255%2C0.44)&#8220; google_fonts=&#8220;font_family:Aguafina%20Script%3Aregular|font_style:400%20regular%3A400%3Anormal&#8220; css_animation=&#8220;none&#8220; css=&#8220;.vc_custom_1571655459842{background-position: center !important;background-repeat: no-repeat !important;background-size: contain !important;}&#8220;][\/vc_column][\/vc_row][vc_row][vc_column][vc_empty_space height=&#8220;12px&#8220;][\/vc_column][\/vc_row][vc_row css=&#8220;.vc_custom_1534794613407{border-left-width: -10px !important;}&#8220;][vc_column width=&#8220;1\/3&#8243;][vc_single_image image=&#8220;4771&#8243; img_size=&#8220;medium&#8220; add_caption=&#8220;custom&#8220; caption=&#8220;Klassische Konzertgitarren, Handgemachte feinste klassische spanische Gitarren&#8220; title=&#8220;Fernando Rub\u00edn, Guitarras Cl\u00e1sicas&#8220;][vc_empty_space height=&#8220;22px&#8220;][vc_single_image image=&#8220;9650&#8243; img_size=&#8220;medium&#8220;][\/vc_column][vc_column width=&#8220;1\/3&#8243;][vc_text_separator title=&#8220;&#8220; title_align=&#8220;separator_align_left&#8220; color=&#8220;custom&#8220; accent_color=&#8220;#ddba85&#8243;][vc_empty_space height=&#8220;22px&#8220;][vc_column_text]<\/p>\n<p class=\"p1\"><span class=\"s1\">&#8222;The guitar, before being an instrument, was a tree, in which birds sang.\u00a0<\/span><span class=\"s1\">Wood knew music long before becoming an instrument\u201d<\/span><\/p>\n<p class=\"p1\"><em><span class=\"s1\">Atahualpa Yupanqui<\/span><\/em><\/p>\n<p>[\/vc_column_text][vc_empty_space height=&#8220;22px&#8220;][vc_column_text]<\/p>\n<h5><strong>\u00dcber das Handwerk<\/strong><\/h5>\n<p class=\"p1\"><span class=\"s1\">Ich begann 1996 unter Einfluss der Spanischen Handarbeitstechniken Instrumente herzustellen. Seitdem trete ich in die Fu\u00dfstapfen der gro\u00dfen Meister (Torres, Hauser, Fleta, Simplicio, und andere). Ich fokusiere mich auf die Akustik.<\/span><\/p>\n<p>[\/vc_column_text][vc_empty_space height=&#8220;22px&#8220;][\/vc_column][vc_column width=&#8220;1\/3&#8243;][vc_empty_space height=&#8220;42px&#8220;][vc_toggle title=&#8220;Was definiert Qualit\u00e4t bei einer Gitarre?&#8220;]<span class=\"s2\">Die Qualit\u00e4t der Materialien, im Spezifischen das Holz und der Verarbeitungsprozess.\u00a0<\/span><\/p>\n<p class=\"p1\"><span class=\"s1\">Der Prozess das Holz h\u00e4ndisch zu Hobeln ist im Gegensatz zu maschinell Hergestellten Teilen pass-genauer und vermindertet dadurch den Freiraum zwischen Komponenten. Im Gesamtbild bekommt das Produkt dadurch eine effizientere Struktur.<\/span><\/p>\n<p><span class=\"s2\">Au\u00dferdem ist es Schwieriger Kleber zu verwenden, was im Endeffekt f\u00fcr einen besseren Klangk\u00f6rper sorgt.<\/span>[\/vc_toggle][vc_toggle title=&#8220;Was macht deine Gitarren einzigartig?&#8220;]<\/p>\n<h6><span class=\"s1\" style=\"color: #800000;\"><span style=\"color: #333333;\">Kontinuierliches Experimentieren an dem Verhalten der Gitarre durch die Analyse der Vibrationen in den Komponenten.<\/span><\/span><\/h6>\n<p>[\/vc_toggle][vc_toggle title=&#8220;Was ist im Herstellungsprozess bei Gitarren wichtig?&#8220;]F\u00fcr eine Handwerklich hergestelle Gitarre ist der Geisteszustand sehr wichtig. Ich versuche jede Gitarre besser zu machen als die Vorherige. Wenn ich Gitarren herstelle, komme ich in einen Meditations\u00e4hnlichen zustand und achte auf jedes kleine Detail.[\/vc_toggle][vc_toggle title=&#8220;Wie viele Gitarren stellt dein Studio in einem Jahr her?&#8220;]Ich fertige 8-10 Gitarren im Jahr. Mein Fokus liegt auf der Qualit\u00e4t und nicht auf der Quantit\u00e4t.[\/vc_toggle][vc_text_separator title=&#8220;&#8220; title_align=&#8220;separator_align_left&#8220; color=&#8220;custom&#8220; accent_color=&#8220;#ddba85&#8243;][vc_empty_space height=&#8220;22px&#8220;][vc_column_text]<\/p>\n<div class=\"wp-playlist wp-audio-playlist wp-playlist-light\">\n\t\t\t<div class=\"wp-playlist-current-item\"><\/div>\n\t\t<audio controls=\"controls\" preload=\"none\" width=\"640\"\n\t\t\t><\/audio>\n\t<div class=\"wp-playlist-next\"><\/div>\n\t<div class=\"wp-playlist-prev\"><\/div>\n\t<noscript>\n\t<ol>\n\t\t<li><a href='http:\/\/fernandorubinguitars.com\/wp-content\/uploads\/2018\/12\/media.io_Extract-from-CD-2-Track-10.mp3'>Canci\u00f3n de la tarde. M\u00e1ximo Pujol.<\/a><\/li>\t<\/ol>\n\t<\/noscript>\n\t<script type=\"application\/json\" class=\"wp-playlist-script\">{\"type\":\"audio\",\"tracklist\":true,\"tracknumbers\":true,\"images\":false,\"artists\":true,\"tracks\":[{\"src\":\"http:\\\/\\\/fernandorubinguitars.com\\\/wp-content\\\/uploads\\\/2018\\\/12\\\/media.io_Extract-from-CD-2-Track-10.mp3\",\"type\":\"audio\\\/mpeg\",\"title\":\"Canci\\u00f3n de la tarde. M\\u00e1ximo Pujol.\",\"caption\":\"\",\"description\":\"Canci\\u00f3n de la tarde. M\\u00e1ximo Pujol.\",\"meta\":{\"length_formatted\":\"4:18\"},\"image\":{\"src\":\"http:\\\/\\\/fernandorubinguitars.com\\\/wp-includes\\\/images\\\/media\\\/audio.png\",\"width\":48,\"height\":64},\"thumb\":{\"src\":\"http:\\\/\\\/fernandorubinguitars.com\\\/wp-includes\\\/images\\\/media\\\/audio.png\",\"width\":48,\"height\":64}}]}<\/script>\n<\/div>\n\t\n<p>[\/vc_column_text][\/vc_column][\/vc_row][vc_row anchor_link=&#8220;guitars&#8220;][vc_column][vc_text_separator title=&#8220;Handgefertigte Gitarren Kollektionen&#8220; color=&#8220;custom&#8220; border_width=&#8220;2&#8243; accent_color=&#8220;#ddba85&#8243;][vc_row_inner][vc_column_inner width=&#8220;1\/2&#8243;][vc_single_image image=&#8220;4606&#8243; img_size=&#8220;large&#8220; add_caption=&#8220;custom&#8220; title_size=&#8220;large&#8220; alignment=&#8220;center&#8220; onclick=&#8220;custom_link&#8220; title=&#8220;Classic Abeto\/Ceder&#8220; link=&#8220;\/classic\/&#8220;][vc_cta h2=&#8220;Klassische Modelle&#8220; txt_align=&#8220;center&#8220; shape=&#8220;square&#8220; add_button=&#8220;bottom&#8220; btn_title=&#8220;Modelle ansehen&#8220; btn_style=&#8220;classic&#8220; btn_align=&#8220;center&#8220; btn_link=&#8220;url:%2Fclassic%2F|||&#8220; css=&#8220;.vc_custom_1571655875376{background-color: #ddba85 !important;}&#8220;][\/vc_cta][\/vc_column_inner][vc_column_inner width=&#8220;1\/2&#8243;][vc_single_image image=&#8220;5575&#8243; img_size=&#8220;large&#8220; add_caption=&#8220;custom&#8220; alignment=&#8220;center&#8220; onclick=&#8220;custom_link&#8220; link=&#8220;\/acoustic\/&#8220;][vc_cta h2=&#8220;Akustische Modelle&#8220; txt_align=&#8220;center&#8220; shape=&#8220;square&#8220; add_button=&#8220;bottom&#8220; btn_title=&#8220;Modelle ansehen&#8220; btn_style=&#8220;classic&#8220; btn_align=&#8220;center&#8220; btn_link=&#8220;url:%2Facoustic%2F|||&#8220; css=&#8220;.vc_custom_1571655896782{background-color: #ddba85 !important;}&#8220;][\/vc_cta][\/vc_column_inner][\/vc_row_inner][vc_row_inner][vc_column_inner width=&#8220;1\/2&#8243;][vc_single_image image=&#8220;4605&#8243; img_size=&#8220;large&#8220; add_caption=&#8220;custom&#8220; title_size=&#8220;large&#8220; alignment=&#8220;right&#8220; onclick=&#8220;custom_link&#8220; title=&#8220;Flamenca&#8220; link=&#8220;\/flamenca\/&#8220;][vc_cta h2=&#8220;Flamenca&#8220; txt_align=&#8220;center&#8220; shape=&#8220;square&#8220; add_button=&#8220;bottom&#8220; btn_title=&#8220;Modelle ansehen&#8220; btn_style=&#8220;classic&#8220; btn_align=&#8220;center&#8220; btn_link=&#8220;url:%2Fromantic%2F|||&#8220; css=&#8220;.vc_custom_1571655906632{background-color: #ddba85 !important;}&#8220;][\/vc_cta][\/vc_column_inner][vc_column_inner width=&#8220;1\/2&#8243;][vc_single_image image=&#8220;4702&#8243; img_size=&#8220;large&#8220; add_caption=&#8220;custom&#8220; title_size=&#8220;large&#8220; alignment=&#8220;right&#8220; onclick=&#8220;custom_link&#8220; title=&#8220;Romantic&#8220; link=&#8220;\/romantic\/&#8220;][vc_cta h2=&#8220;Romantisch&#8220; txt_align=&#8220;center&#8220; shape=&#8220;square&#8220; add_button=&#8220;bottom&#8220; btn_title=&#8220;Modelle ansehen&#8220; btn_style=&#8220;classic&#8220; btn_align=&#8220;center&#8220; btn_link=&#8220;url:%2Fromantic%2F|||&#8220; css=&#8220;.vc_custom_1571655915199{background-color: #ddba85 !important;}&#8220;][\/vc_cta][\/vc_column_inner][\/vc_row_inner][\/vc_column][\/vc_row][vc_row][vc_column][vc_empty_space][\/vc_column][\/vc_row][vc_row full_width=&#8220;stretch_row&#8220; full_height=&#8220;half_row_height&#8220; parallax_content=&#8220;off&#8220; fadeout_row=&#8220;off&#8220; enable_overlay=&#8220;off&#8220; css=&#8220;.vc_custom_1543839173975{background-color: #ddc49b !important;}&#8220;][vc_column width=&#8220;1\/2&#8243;][\/vc_column][vc_column width=&#8220;1\/2&#8243;][blockquote type=&#8220;blockquote_line&#8220; align=&#8220;right&#8220;]&#8220;One of the most outstanding qualities of this guitar is the entity of the sound of each one of the strings, and therefore, the ease with which the passage of the different voices can be highlighted. This ease of melody and counterpoint is not to the detriment of harmonic clarity; very much on the contrary. A single note already says something.<\/p>\n<p>It is endearing: because when I play it, I return again and again to the fascination of my childhood for music.&#8220;<\/p>\n<p class=\"p1\"><span class=\"s1\">Edgar Ferrer &#8211; <em>Orquestra Director and Maestro.<\/em><\/span><\/p>\n<p>[\/blockquote][\/vc_column][\/vc_row][vc_row full_width=&#8220;stretch_row_content_no_spaces&#8220; bg_video=&#8220;https:\/\/www.youtube.com\/watch?v=V13YAiiCMH0&amp;feature=youtu.be&amp;fbclid=IwAR1jsHUXZbzHIwIpmX3VN7KAYbdTUlade6MFizRh0boLa1zHXlok1xBn5BY&#8220; inherit_shaded_color=&#8220;enable&#8220; css=&#8220;.vc_custom_1543838797335{background-color: #ddc49b !important;}&#8220;][vc_column][vc_video link=&#8220;https:\/\/youtu.be\/V13YAiiCMH0&#8243; align=&#8220;center&#8220; src=&#8220;&#8222;https:\/\/www.youtube.com\/embed\/V13YAiiCMH0?controls=0&#8222;&#8220; width=&#8220;&#8222;560&#8222;&#8220; height=&#8220;&#8222;315&#8222;&#8220; frameborder=&#8220;&#8222;0&#8222;&#8220;][\/vc_column][\/vc_row][vc_row full_width=&#8220;stretch_row&#8220; full_height=&#8220;half_row_height&#8220; css=&#8220;.vc_custom_1543843292826{background-color: #ddc49b !important;}&#8220;][vc_column width=&#8220;1\/2&#8243;][\/vc_column][vc_column width=&#8220;1\/2&#8243;][blockquote type=&#8220;blockquote_line&#8220; align=&#8220;right&#8220;]<\/p>\n<p class=\"p1\"><span class=\"s1\">&#8222;Fernando Rubin&#8217;s Guitars offer everything a guitarist may wish. Body in the basses, singing in the high tones. His guitar provides everything music needs. It is a privilege\u00a0to be able to play with one of these instruments at my concerts around the world.&#8220;\u00a0<\/span><\/p>\n<p class=\"p1\"><span class=\"s1\">M\u00e1ximo Pujol &#8211; <em>Composer<\/em><\/span><\/p>\n<p>[\/blockquote][\/vc_column][\/vc_row]<\/p>","protected":false},"excerpt":{"rendered":"<p>[vc_row full_width=&#8220;stretch_row&#8220; full_height=&#8220;half_row_height&#8220; parallax=&#8220;content-moving-fade&#8220; slider_animation=&#8220;cover&#8220; bg_type=&#8220;image&#8220; bg_image_new=&#8220;5197&#8243; bg_image_repeat=&#8220;no-repeat&#8220; bg_override=&#8220;full&#8220; parallax_content=&#8220;off&#8220; fadeout_row=&#8220;off&#8220; enable_overlay=&#8220;off&#8220; css=&#8220;.vc_custom_1535630952158{border-top-width: 150px !important;border-bottom-width: 250px !important;background-position: center;background-repeat: no-repeat !important;background-size: cover !important;}&#8220;][vc_column][vc_custom_heading text=&#8220;Erkunde die Kunst Holz in Musik zu verarbeiten&#8220; font_container=&#8220;tag:h2|font_size:35|text_align:right|color:rgba(255%2C255%2C255%2C0.44)&#8220; google_fonts=&#8220;font_family:Aguafina%20Script%3Aregular|font_style:400%20regular%3A400%3Anormal&#8220; css_animation=&#8220;none&#8220; css=&#8220;.vc_custom_1571655459842{background-position: center !important;background-repeat: no-repeat !important;background-size: contain !important;}&#8220;][\/vc_column][\/vc_row][vc_row][vc_column][vc_empty_space height=&#8220;12px&#8220;][\/vc_column][\/vc_row][vc_row css=&#8220;.vc_custom_1534794613407{border-left-width: -10px !important;}&#8220;][vc_column width=&#8220;1\/3&#8243;][vc_single_image image=&#8220;4771&#8243; img_size=&#8220;medium&#8220; add_caption=&#8220;custom&#8220; caption=&#8220;Klassische Konzertgitarren, Handgemachte feinste klassische spanische Gitarren&#8220;<a class=\"read-more\" href=\"http:\/\/fernandorubinguitars.com\/de\/\">Continue reading <i class=\"fal fa-angle-right\"><\/i><\/a><\/p>\n","protected":false},"author":7,"featured_media":0,"parent":0,"menu_order":0,"comment_status":"closed","ping_status":"closed","template":"","meta":[],"_links":{"self":[{"href":"http:\/\/fernandorubinguitars.com\/de\/wp-json\/wp\/v2\/pages\/4750"}],"collection":[{"href":"http:\/\/fernandorubinguitars.com\/de\/wp-json\/wp\/v2\/pages"}],"about":[{"href":"http:\/\/fernandorubinguitars.com\/de\/wp-json\/wp\/v2\/types\/page"}],"author":[{"embeddable":true,"href":"http:\/\/fernandorubinguitars.com\/de\/wp-json\/wp\/v2\/users\/7"}],"replies":[{"embeddable":true,"href":"http:\/\/fernandorubinguitars.com\/de\/wp-json\/wp\/v2\/comments?post=4750"}],"version-history":[{"count":563,"href":"http:\/\/fernandorubinguitars.com\/de\/wp-json\/wp\/v2\/pages\/4750\/revisions"}],"predecessor-version":[{"id":9652,"href":"http:\/\/fernandorubinguitars.com\/de\/wp-json\/wp\/v2\/pages\/4750\/revisions\/9652"}],"wp:attachment":[{"href":"http:\/\/fernandorubinguitars.com\/de\/wp-json\/wp\/v2\/media?parent=4750"}],"curies":[{"name":"wp","href":"https:\/\/api.w.org\/{rel}","templated":true}]}}