{"id":2237,"date":"2014-03-06T23:38:09","date_gmt":"2014-03-06T23:38:09","guid":{"rendered":"https:\/\/themify.me\/demo\/themes\/event-dev\/?page_id=2237"},"modified":"2019-11-04T08:41:36","modified_gmt":"2019-11-04T07:41:36","slug":"aboutme","status":"publish","type":"page","link":"http:\/\/fernandorubinguitars.com\/de\/aboutme\/","title":{"rendered":"\u00dcber Fernando Rub\u00edn"},"content":{"rendered":"<p>[vc_row full_width=&#8220;stretch_row&#8220; full_height=&#8220;onequarter_row_height&#8220; css_animation=&#8220;top-to-bottom&#8220; bg_type=&#8220;image&#8220; parallax_style=&#8220;vcpb-vz-jquery&#8220; bg_image_new=&#8220;5155&#8243; disable_on_mobile_img_parallax=&#8220;off&#8220; fadeout_row=&#8220;fadeout_row_value&#8220; enable_overlay=&#8220;off&#8220;][vc_column width=&#8220;1\/4&#8243;][vc_column_text css_animation=&#8220;none&#8220; css=&#8220;.vc_custom_1571652762941{background-color: rgba(255,255,255,0.6) !important;*background-color: rgb(255,255,255) !important;}&#8220;]<\/p>\n<h3 class=\"p1\"><span style=\"color: #333333;\"><strong><span class=\"s1\">Gitarrist, Musiker und Gitarrenhersteller<\/span><\/strong><\/span><\/h3>\n<h6><span class=\"s1\" style=\"color: #333333;\">Fernando Rub\u00edn Saglia wurde 1968 in Buenos Aires geboren, Fernando lebt in Andratx, Mallorca seit 2001.<\/span><\/h6>\n<h6><span class=\"s1\" style=\"color: #333333;\">Er studierte die Klassische Gitarre am\u00a0 &#8218;<i>Conservatorio Nacional Carlos Lopez Buchardo&#8216;<\/i>. Sp\u00e4ter setzte er seinen Fokus auf Jazz, Tango und Latin-Amerkanische Folksmusik ian der\u00a0 <i>\u2018Escuela de M\u00fasica Popular de Avellaneda\u2019 (EMPA). <\/i>Unter seinen Lehrern sind Edgar Ferrer, f\u00fcr die Harmonie und Komposition, und An\u00edbal Arias f\u00fcr Gitarren-Tango.<\/span><\/h6>\n<h6><span class=\"s1\" style=\"color: #333333;\">In 1996 begann Fernando Rub\u00edn seine Handwerkliche Lehre mit Rodolfo Cucculelli in Buenos Aires und hat im selben Jahr seine eigene Gitarre hergestellt.<\/span><\/h6>\n<h6><span class=\"s1\" style=\"color: #333333;\">Seit dem hat er begonnen unter Einfluss der Spanischen Handarbeit seine Instrumente in Handarbeit herzustellen und Tritt dabei in die Fu\u00dfstapfen der Gro\u00dfen Meister (Torres, Hauser, Fleta, Simplicio, among others). Sein Durst, Gitarrenhandwerk zu lernen, hielt von diesem Tag an an.<\/span><\/h6>\n<h6><span class=\"s1\" style=\"color: #800000;\"><span style=\"color: #333333;\">In den 2000er Jahren spezialisierte er sich in der angewandten Akustik f\u00fcr Gitarren mit\u00a0 Alan Carruth (in Kalifornien). Seitdem fokussiert sich seine Leidenschaft, seine Studien und Experimente auf das Verhalten von Gitarren durch die Analyse der Vibrationsarmen der Komponenten.<\/span><\/span><\/h6>\n<h6><span class=\"s1\" style=\"color: #800000;\"><span style=\"color: #333333;\">Das alles macht Fernando Rub\u00edns\u2019 Gitarren und Arbeitsweise einzigartig.<\/span><\/span><\/h6>\n<p>[\/vc_column_text][\/vc_column][vc_column width=&#8220;3\/4&#8243;][\/vc_column][\/vc_row][vc_row][vc_column width=&#8220;1\/6&#8243;][\/vc_column][vc_column width=&#8220;1\/6&#8243;][\/vc_column][vc_column width=&#8220;1\/6&#8243;][\/vc_column][vc_column width=&#8220;1\/6&#8243;][vc_single_image image=&#8220;5709&#8243;][\/vc_column][vc_column width=&#8220;1\/6&#8243;][vc_single_image image=&#8220;5712&#8243;][\/vc_column][vc_column width=&#8220;1\/6&#8243;][vc_single_image image=&#8220;5711&#8243;][\/vc_column][\/vc_row]<\/p>","protected":false},"excerpt":{"rendered":"<p>[vc_row full_width=&#8220;stretch_row&#8220; full_height=&#8220;onequarter_row_height&#8220; css_animation=&#8220;top-to-bottom&#8220; bg_type=&#8220;image&#8220; parallax_style=&#8220;vcpb-vz-jquery&#8220; bg_image_new=&#8220;5155&#8243; disable_on_mobile_img_parallax=&#8220;off&#8220; fadeout_row=&#8220;fadeout_row_value&#8220; enable_overlay=&#8220;off&#8220;][vc_column width=&#8220;1\/4&#8243;][vc_column_text css_animation=&#8220;none&#8220; css=&#8220;.vc_custom_1571652762941{background-color: rgba(255,255,255,0.6) !important;*background-color: rgb(255,255,255) !important;}&#8220;] Gitarrist, Musiker und Gitarrenhersteller Fernando Rub\u00edn Saglia wurde 1968 in Buenos Aires geboren, Fernando lebt in Andratx, Mallorca seit 2001. Er studierte die Klassische Gitarre am\u00a0 &#8218;Conservatorio Nacional Carlos Lopez Buchardo&#8216;. Sp\u00e4ter setzte er seinen Fokus auf Jazz,<a class=\"read-more\" href=\"http:\/\/fernandorubinguitars.com\/de\/aboutme\/\">Continue reading <i class=\"fal fa-angle-right\"><\/i><\/a><\/p>\n","protected":false},"author":7,"featured_media":0,"parent":0,"menu_order":5,"comment_status":"closed","ping_status":"closed","template":"","meta":[],"_links":{"self":[{"href":"http:\/\/fernandorubinguitars.com\/de\/wp-json\/wp\/v2\/pages\/2237"}],"collection":[{"href":"http:\/\/fernandorubinguitars.com\/de\/wp-json\/wp\/v2\/pages"}],"about":[{"href":"http:\/\/fernandorubinguitars.com\/de\/wp-json\/wp\/v2\/types\/page"}],"author":[{"embeddable":true,"href":"http:\/\/fernandorubinguitars.com\/de\/wp-json\/wp\/v2\/users\/7"}],"replies":[{"embeddable":true,"href":"http:\/\/fernandorubinguitars.com\/de\/wp-json\/wp\/v2\/comments?post=2237"}],"version-history":[{"count":115,"href":"http:\/\/fernandorubinguitars.com\/de\/wp-json\/wp\/v2\/pages\/2237\/revisions"}],"predecessor-version":[{"id":6071,"href":"http:\/\/fernandorubinguitars.com\/de\/wp-json\/wp\/v2\/pages\/2237\/revisions\/6071"}],"wp:attachment":[{"href":"http:\/\/fernandorubinguitars.com\/de\/wp-json\/wp\/v2\/media?parent=2237"}],"curies":[{"name":"wp","href":"https:\/\/api.w.org\/{rel}","templated":true}]}}